{"id":78,"date":"2025-09-06T12:41:21","date_gmt":"2025-09-06T12:41:21","guid":{"rendered":"https:\/\/hoohookauppa.fi\/shkl\/?post_type=product&#038;p=78"},"modified":"2025-09-06T12:42:46","modified_gmt":"2025-09-06T12:42:46","slug":"shkl-softshell-liivi-uusi-malli","status":"publish","type":"product","link":"https:\/\/hoohookauppa.fi\/shkl\/tuote\/shkl-softshell-liivi-uusi-malli\/","title":{"rendered":"SHKL Softshell liivi UUSI MALLI"},"content":{"rendered":"<p>3-kerroksinen softshell-liivi kierr\u00e4tetyst\u00e4 polyesterista. Edess\u00e4 k\u00e4\u00e4nteinen vetoketju s\u00e4vy s\u00e4vyyn.<\/p>\n<p>3 ulkotaskua ja 2 sis\u00e4taskua. Joustavat resorit vy\u00f6t\u00e4r\u00f6ll\u00e4 ja hihoissa.<\/p>\n<p>WP 3000 \/ MVP 1000<\/p>\n<p>&nbsp;<\/p>\n<p>LIS\u00c4KUVISTA L\u00d6YD\u00c4T KOKOTAULUKON, JONKA AVULLA L\u00d6YD\u00c4T OIKEAN KOON<\/p>\n","protected":false},"excerpt":{"rendered":"<p>3-kerroksinen softshell-liivi kierr\u00e4tetyst\u00e4 polyesterista. Edess\u00e4 k\u00e4\u00e4nteinen vetoketju s\u00e4vy s\u00e4vyyn. 3 ulkotaskua ja 2 sis\u00e4taskua. Joustavat resorit vy\u00f6t\u00e4r\u00f6ll\u00e4 ja hihoissa. WP 3000 \/ MVP 1000 &nbsp; LIS\u00c4KUVISTA L\u00d6YD\u00c4T KOKOTAULUKON, JONKA AVULLA L\u00d6YD\u00c4T OIKEAN KOON<\/p>\n","protected":false},"featured_media":119,"template":"","meta":[],"product_brand":[],"product_cat":[24,17],"product_tag":[30,31,22],"class_list":{"0":"post-78","1":"product","2":"type-product","3":"status-publish","4":"has-post-thumbnail","6":"product_cat-miesten-tekstiilit-shkl","7":"product_cat-shkl","8":"product_tag-liivi","9":"product_tag-miesten-liivi","10":"product_tag-softshell-liivi","12":"first","13":"instock","14":"taxable","15":"shipping-taxable","16":"purchasable","17":"product-type-variable"},"_links":{"self":[{"href":"https:\/\/hoohookauppa.fi\/shkl\/wp-json\/wp\/v2\/product\/78","targetHints":{"allow":["GET"]}}],"collection":[{"href":"https:\/\/hoohookauppa.fi\/shkl\/wp-json\/wp\/v2\/product"}],"about":[{"href":"https:\/\/hoohookauppa.fi\/shkl\/wp-json\/wp\/v2\/types\/product"}],"wp:featuredmedia":[{"embeddable":true,"href":"https:\/\/hoohookauppa.fi\/shkl\/wp-json\/wp\/v2\/media\/119"}],"wp:attachment":[{"href":"https:\/\/hoohookauppa.fi\/shkl\/wp-json\/wp\/v2\/media?parent=78"}],"wp:term":[{"taxonomy":"product_brand","embeddable":true,"href":"https:\/\/hoohookauppa.fi\/shkl\/wp-json\/wp\/v2\/product_brand?post=78"},{"taxonomy":"product_cat","embeddable":true,"href":"https:\/\/hoohookauppa.fi\/shkl\/wp-json\/wp\/v2\/product_cat?post=78"},{"taxonomy":"product_tag","embeddable":true,"href":"https:\/\/hoohookauppa.fi\/shkl\/wp-json\/wp\/v2\/product_tag?post=78"}],"curies":[{"name":"wp","href":"https:\/\/api.w.org\/{rel}","templated":true}]}}