{"id":76,"date":"2025-09-06T12:41:20","date_gmt":"2025-09-06T12:41:20","guid":{"rendered":"https:\/\/hoohookauppa.fi\/shkl\/?post_type=product&#038;p=76"},"modified":"2025-09-06T12:42:35","modified_gmt":"2025-09-06T12:42:35","slug":"shkl-luomupuuvilla-huppari","status":"publish","type":"product","link":"https:\/\/hoohookauppa.fi\/shkl\/tuote\/shkl-luomupuuvilla-huppari\/","title":{"rendered":"SHKL Luomupuuvilla huppari"},"content":{"rendered":"<p>85% luomupuuvilla, 15% kierr\u00e4tetty\u00e4 polyesteri\u00e4<\/p>\n<p>Kaksi taskua, joissa vetoketjut<\/p>\n<p>&nbsp;<\/p>\n<p>LIS\u00c4KUVISTA L\u00d6YD\u00c4T KOKOTAULUKON, JONKA AVULLA L\u00d6YD\u00c4T OIKEAN KOON<\/p>\n<p>&nbsp;<\/p>\n","protected":false},"excerpt":{"rendered":"<p>85% luomupuuvilla, 15% kierr\u00e4tetty\u00e4 polyesteri\u00e4 Kaksi taskua, joissa vetoketjut &nbsp; LIS\u00c4KUVISTA L\u00d6YD\u00c4T KOKOTAULUKON, JONKA AVULLA L\u00d6YD\u00c4T OIKEAN KOON &nbsp;<\/p>\n","protected":false},"featured_media":115,"template":"","meta":[],"product_brand":[],"product_cat":[24,17],"product_tag":[25,26,27],"class_list":{"0":"post-76","1":"product","2":"type-product","3":"status-publish","4":"has-post-thumbnail","6":"product_cat-miesten-tekstiilit-shkl","7":"product_cat-shkl","8":"product_tag-huppari","9":"product_tag-luomupuuvilla","10":"product_tag-miesten-hupari","12":"first","13":"instock","14":"taxable","15":"shipping-taxable","16":"purchasable","17":"product-type-variable"},"_links":{"self":[{"href":"https:\/\/hoohookauppa.fi\/shkl\/wp-json\/wp\/v2\/product\/76","targetHints":{"allow":["GET"]}}],"collection":[{"href":"https:\/\/hoohookauppa.fi\/shkl\/wp-json\/wp\/v2\/product"}],"about":[{"href":"https:\/\/hoohookauppa.fi\/shkl\/wp-json\/wp\/v2\/types\/product"}],"wp:featuredmedia":[{"embeddable":true,"href":"https:\/\/hoohookauppa.fi\/shkl\/wp-json\/wp\/v2\/media\/115"}],"wp:attachment":[{"href":"https:\/\/hoohookauppa.fi\/shkl\/wp-json\/wp\/v2\/media?parent=76"}],"wp:term":[{"taxonomy":"product_brand","embeddable":true,"href":"https:\/\/hoohookauppa.fi\/shkl\/wp-json\/wp\/v2\/product_brand?post=76"},{"taxonomy":"product_cat","embeddable":true,"href":"https:\/\/hoohookauppa.fi\/shkl\/wp-json\/wp\/v2\/product_cat?post=76"},{"taxonomy":"product_tag","embeddable":true,"href":"https:\/\/hoohookauppa.fi\/shkl\/wp-json\/wp\/v2\/product_tag?post=76"}],"curies":[{"name":"wp","href":"https:\/\/api.w.org\/{rel}","templated":true}]}}