{"id":73,"date":"2025-09-06T12:41:20","date_gmt":"2025-09-06T12:41:20","guid":{"rendered":"https:\/\/hoohookauppa.fi\/shkl\/?post_type=product&#038;p=73"},"modified":"2025-09-15T08:17:41","modified_gmt":"2025-09-15T08:17:41","slug":"shkl-naisten-heijastava-hybriditakki","status":"publish","type":"product","link":"https:\/\/hoohookauppa.fi\/shkl\/tuote\/shkl-naisten-heijastava-hybriditakki\/","title":{"rendered":"SHKL Naisten heijastava hybriditakki"},"content":{"rendered":"<p>Kevyesti topattu fleece-takki, jossa heijastava etu- ja takaosa.<\/p>\n<p>Kaksi vetoketjullista sivutaskua. Vetoketjullinen piilotasku hihassa, 2 sis\u00e4taskua ja hihansuissa peukalorei\u00e4t. K\u00e4tev\u00e4 ratkaisu kuulokkeille.<\/p>\n<p>MITTATAULUKKO l\u00f6ytyy lis\u00e4kuvista<\/p>\n<p>&nbsp;<\/p>\n<p>&nbsp;<\/p>\n<p>&nbsp;<\/p>\n<p>&nbsp;<\/p>\n<p>&nbsp;<\/p>\n<p>&nbsp;<\/p>\n","protected":false},"excerpt":{"rendered":"<p>Kevyesti topattu fleece-takki, jossa heijastava etu- ja takaosa. Kaksi vetoketjullista sivutaskua. Vetoketjullinen piilotasku hihassa, 2 sis\u00e4taskua ja hihansuissa peukalorei\u00e4t. K\u00e4tev\u00e4 ratkaisu kuulokkeille. MITTATAULUKKO l\u00f6ytyy lis\u00e4kuvista &nbsp; &nbsp; &nbsp; &nbsp; &nbsp; &nbsp;<\/p>\n","protected":false},"featured_media":109,"template":"","meta":[],"product_brand":[],"product_cat":[18,17],"product_tag":[23],"class_list":{"0":"post-73","1":"product","2":"type-product","3":"status-publish","4":"has-post-thumbnail","6":"product_cat-naisten-tekstiilit-shkl","7":"product_cat-shkl","8":"product_tag-takki","10":"first","11":"instock","12":"taxable","13":"shipping-taxable","14":"purchasable","15":"product-type-variable"},"_links":{"self":[{"href":"https:\/\/hoohookauppa.fi\/shkl\/wp-json\/wp\/v2\/product\/73","targetHints":{"allow":["GET"]}}],"collection":[{"href":"https:\/\/hoohookauppa.fi\/shkl\/wp-json\/wp\/v2\/product"}],"about":[{"href":"https:\/\/hoohookauppa.fi\/shkl\/wp-json\/wp\/v2\/types\/product"}],"wp:featuredmedia":[{"embeddable":true,"href":"https:\/\/hoohookauppa.fi\/shkl\/wp-json\/wp\/v2\/media\/109"}],"wp:attachment":[{"href":"https:\/\/hoohookauppa.fi\/shkl\/wp-json\/wp\/v2\/media?parent=73"}],"wp:term":[{"taxonomy":"product_brand","embeddable":true,"href":"https:\/\/hoohookauppa.fi\/shkl\/wp-json\/wp\/v2\/product_brand?post=73"},{"taxonomy":"product_cat","embeddable":true,"href":"https:\/\/hoohookauppa.fi\/shkl\/wp-json\/wp\/v2\/product_cat?post=73"},{"taxonomy":"product_tag","embeddable":true,"href":"https:\/\/hoohookauppa.fi\/shkl\/wp-json\/wp\/v2\/product_tag?post=73"}],"curies":[{"name":"wp","href":"https:\/\/api.w.org\/{rel}","templated":true}]}}