{"id":72,"date":"2025-09-06T12:41:20","date_gmt":"2025-09-06T12:41:20","guid":{"rendered":"https:\/\/hoohookauppa.fi\/shkl\/?post_type=product&#038;p=72"},"modified":"2025-09-06T12:42:22","modified_gmt":"2025-09-06T12:42:22","slug":"shkl-naisten-softshell-takki-uusi-malli","status":"publish","type":"product","link":"https:\/\/hoohookauppa.fi\/shkl\/tuote\/shkl-naisten-softshell-takki-uusi-malli\/","title":{"rendered":"SHKL Naisten softshell takki UUSI MALLI"},"content":{"rendered":"<p>3-kerroksinen softshell-takki kierr\u00e4tetyst\u00e4 polyesterista.<\/p>\n<p>3 ulkotaskua ja 2 sis\u00e4taskua. Joustavat resorit vy\u00f6t\u00e4r\u00f6ll\u00e4 ja hihoissa.<\/p>\n<p>WP 3000 \/ MVP 1000<\/p>\n<p>96% kierr\u00e4tetty polyesteri, 4% elastaani<\/p>\n<p>&nbsp;<\/p>\n<p>LIS\u00c4KUVISTA L\u00d6YD\u00c4T KOKOTAULUKON, JONKA AVULLA L\u00d6YD\u00c4T OIKEAN KOON<\/p>\n<p>&nbsp;<\/p>\n<p>&nbsp;<\/p>\n<p>&nbsp;<\/p>\n<p>&nbsp;<\/p>\n","protected":false},"excerpt":{"rendered":"<p>3-kerroksinen softshell-takki kierr\u00e4tetyst\u00e4 polyesterista. 3 ulkotaskua ja 2 sis\u00e4taskua. Joustavat resorit vy\u00f6t\u00e4r\u00f6ll\u00e4 ja hihoissa. WP 3000 \/ MVP 1000 96% kierr\u00e4tetty polyesteri, 4% elastaani &nbsp; LIS\u00c4KUVISTA L\u00d6YD\u00c4T KOKOTAULUKON, JONKA AVULLA L\u00d6YD\u00c4T OIKEAN KOON &nbsp; &nbsp; &nbsp; &nbsp;<\/p>\n","protected":false},"featured_media":107,"template":"","meta":[],"product_brand":[],"product_cat":[18,17],"product_tag":[],"class_list":{"0":"post-72","1":"product","2":"type-product","3":"status-publish","4":"has-post-thumbnail","6":"product_cat-naisten-tekstiilit-shkl","7":"product_cat-shkl","9":"first","10":"instock","11":"taxable","12":"shipping-taxable","13":"purchasable","14":"product-type-variable"},"_links":{"self":[{"href":"https:\/\/hoohookauppa.fi\/shkl\/wp-json\/wp\/v2\/product\/72","targetHints":{"allow":["GET"]}}],"collection":[{"href":"https:\/\/hoohookauppa.fi\/shkl\/wp-json\/wp\/v2\/product"}],"about":[{"href":"https:\/\/hoohookauppa.fi\/shkl\/wp-json\/wp\/v2\/types\/product"}],"wp:featuredmedia":[{"embeddable":true,"href":"https:\/\/hoohookauppa.fi\/shkl\/wp-json\/wp\/v2\/media\/107"}],"wp:attachment":[{"href":"https:\/\/hoohookauppa.fi\/shkl\/wp-json\/wp\/v2\/media?parent=72"}],"wp:term":[{"taxonomy":"product_brand","embeddable":true,"href":"https:\/\/hoohookauppa.fi\/shkl\/wp-json\/wp\/v2\/product_brand?post=72"},{"taxonomy":"product_cat","embeddable":true,"href":"https:\/\/hoohookauppa.fi\/shkl\/wp-json\/wp\/v2\/product_cat?post=72"},{"taxonomy":"product_tag","embeddable":true,"href":"https:\/\/hoohookauppa.fi\/shkl\/wp-json\/wp\/v2\/product_tag?post=72"}],"curies":[{"name":"wp","href":"https:\/\/api.w.org\/{rel}","templated":true}]}}