{"id":69,"date":"2025-09-06T12:41:19","date_gmt":"2025-09-06T12:41:19","guid":{"rendered":"https:\/\/hoohookauppa.fi\/shkl\/?post_type=product&#038;p=69"},"modified":"2025-09-06T12:42:08","modified_gmt":"2025-09-06T12:42:08","slug":"shkl-naisten-luomupuuvilla-huppari","status":"publish","type":"product","link":"https:\/\/hoohookauppa.fi\/shkl\/tuote\/shkl-naisten-luomupuuvilla-huppari\/","title":{"rendered":"SHKL Naisten luomupuuvilla huppari"},"content":{"rendered":"<p>85% luomupuuvilla, 15% kierr\u00e4tetty\u00e4 polyesteri\u00e4<\/p>\n<p>Kaksi taskua, joissa vetoketjut<\/p>\n","protected":false},"excerpt":{"rendered":"<p>85% luomupuuvilla, 15% kierr\u00e4tetty\u00e4 polyesteri\u00e4 Kaksi taskua, joissa vetoketjut<\/p>\n","protected":false},"featured_media":101,"template":"","meta":[],"product_brand":[],"product_cat":[18,17],"product_tag":[20],"class_list":{"0":"post-69","1":"product","2":"type-product","3":"status-publish","4":"has-post-thumbnail","6":"product_cat-naisten-tekstiilit-shkl","7":"product_cat-shkl","8":"product_tag-t-paita-shkl","10":"first","11":"instock","12":"taxable","13":"shipping-taxable","14":"purchasable","15":"product-type-variable"},"_links":{"self":[{"href":"https:\/\/hoohookauppa.fi\/shkl\/wp-json\/wp\/v2\/product\/69","targetHints":{"allow":["GET"]}}],"collection":[{"href":"https:\/\/hoohookauppa.fi\/shkl\/wp-json\/wp\/v2\/product"}],"about":[{"href":"https:\/\/hoohookauppa.fi\/shkl\/wp-json\/wp\/v2\/types\/product"}],"wp:featuredmedia":[{"embeddable":true,"href":"https:\/\/hoohookauppa.fi\/shkl\/wp-json\/wp\/v2\/media\/101"}],"wp:attachment":[{"href":"https:\/\/hoohookauppa.fi\/shkl\/wp-json\/wp\/v2\/media?parent=69"}],"wp:term":[{"taxonomy":"product_brand","embeddable":true,"href":"https:\/\/hoohookauppa.fi\/shkl\/wp-json\/wp\/v2\/product_brand?post=69"},{"taxonomy":"product_cat","embeddable":true,"href":"https:\/\/hoohookauppa.fi\/shkl\/wp-json\/wp\/v2\/product_cat?post=69"},{"taxonomy":"product_tag","embeddable":true,"href":"https:\/\/hoohookauppa.fi\/shkl\/wp-json\/wp\/v2\/product_tag?post=69"}],"curies":[{"name":"wp","href":"https:\/\/api.w.org\/{rel}","templated":true}]}}