{"id":626,"date":"2026-04-10T10:00:09","date_gmt":"2026-04-10T10:00:09","guid":{"rendered":"https:\/\/hoohookauppa.fi\/ookkonaa\/?post_type=product&#038;p=626"},"modified":"2026-04-17T11:03:22","modified_gmt":"2026-04-17T11:03:22","slug":"pelekaakkonaa-lasten-t-paita","status":"publish","type":"product","link":"https:\/\/hoohookauppa.fi\/ookkonaa\/tuote\/pelekaakkonaa-lasten-t-paita\/","title":{"rendered":"Pelek\u00e4\u00e4kk\u00f6n\u00e4\u00e4 lasten t-paita"},"content":{"rendered":"<p><strong>Lasten t-paita pehme\u00e4st\u00e4 puuvillasta<\/strong><\/p>\n<p>100% puuvilla<\/p>\n<p>Lis\u00e4kuvista l\u00f6yd\u00e4t mittataulukon, jotta l\u00f6yd\u00e4t itsellesi sopivan koon.<\/p>\n<p>&nbsp;<\/p>\n<p><em>Tuotteet l\u00e4htev\u00e4t varastoltamme 3-7 p\u00e4iv\u00e4n kuluessa tilauksesta.<\/em><\/p>\n<p><em>Toimitustavan p\u00e4\u00e4set valitsemaan kassalla.<\/em><\/p>\n","protected":false},"excerpt":{"rendered":"<p>Lasten t-paita pehme\u00e4st\u00e4 puuvillasta 100% puuvilla Lis\u00e4kuvista l\u00f6yd\u00e4t mittataulukon, jotta l\u00f6yd\u00e4t itsellesi sopivan koon. &nbsp; Tuotteet l\u00e4htev\u00e4t varastoltamme 3-7 p\u00e4iv\u00e4n kuluessa tilauksesta. Toimitustavan p\u00e4\u00e4set valitsemaan kassalla.<\/p>\n","protected":false},"featured_media":631,"template":"","meta":[],"product_brand":[],"product_cat":[25,19],"product_tag":[],"class_list":{"0":"post-626","1":"product","2":"type-product","3":"status-publish","4":"has-post-thumbnail","6":"product_cat-muut-pelekaakkonaa-tuotteet","7":"product_cat-pelekaakkonaa-tuotteet","9":"first","10":"instock","11":"taxable","12":"shipping-taxable","13":"purchasable","14":"product-type-variable"},"_links":{"self":[{"href":"https:\/\/hoohookauppa.fi\/ookkonaa\/wp-json\/wp\/v2\/product\/626","targetHints":{"allow":["GET"]}}],"collection":[{"href":"https:\/\/hoohookauppa.fi\/ookkonaa\/wp-json\/wp\/v2\/product"}],"about":[{"href":"https:\/\/hoohookauppa.fi\/ookkonaa\/wp-json\/wp\/v2\/types\/product"}],"wp:featuredmedia":[{"embeddable":true,"href":"https:\/\/hoohookauppa.fi\/ookkonaa\/wp-json\/wp\/v2\/media\/631"}],"wp:attachment":[{"href":"https:\/\/hoohookauppa.fi\/ookkonaa\/wp-json\/wp\/v2\/media?parent=626"}],"wp:term":[{"taxonomy":"product_brand","embeddable":true,"href":"https:\/\/hoohookauppa.fi\/ookkonaa\/wp-json\/wp\/v2\/product_brand?post=626"},{"taxonomy":"product_cat","embeddable":true,"href":"https:\/\/hoohookauppa.fi\/ookkonaa\/wp-json\/wp\/v2\/product_cat?post=626"},{"taxonomy":"product_tag","embeddable":true,"href":"https:\/\/hoohookauppa.fi\/ookkonaa\/wp-json\/wp\/v2\/product_tag?post=626"}],"curies":[{"name":"wp","href":"https:\/\/api.w.org\/{rel}","templated":true}]}}