{"id":449,"date":"2025-01-03T13:42:10","date_gmt":"2025-01-03T13:42:10","guid":{"rendered":"https:\/\/hoohookauppa.fi\/ookkonaa\/?post_type=product&#038;p=449"},"modified":"2025-04-09T13:21:07","modified_gmt":"2025-04-09T13:21:07","slug":"pelelaakkonaa-naisten-luomupuuvilla-college","status":"publish","type":"product","link":"https:\/\/hoohookauppa.fi\/ookkonaa\/tuote\/pelelaakkonaa-naisten-luomupuuvilla-college\/","title":{"rendered":"Pelel\u00e4\u00e4kk\u00f6n\u00e4\u00e4 naisten luomupuuvilla college"},"content":{"rendered":"<p><strong>Luomupuuvillasta ja kierr\u00e4tetyst\u00e4 polyesterisekoitteesta valmistettu laadukas collegepaita.<\/strong><\/p>\n<p>Sivussa vetoketjullinen piilotasku.<\/p>\n<p>85 % luomupuuvillaa, 15 % kierr\u00e4tetty\u00e4 polyesteri<\/p>\n<p>Lis\u00e4kuvista l\u00f6yd\u00e4t mittataulukon, jotta l\u00f6yd\u00e4t itsellesi sopivan koon.<\/p>\n<p>&nbsp;<\/p>\n<p><em>Tuotteet l\u00e4htev\u00e4t varastoltamme 3-7 p\u00e4iv\u00e4n kuluessa tilauksesta.<\/em><\/p>\n<p><em>Toimitustavan p\u00e4\u00e4set valitsemaan kassalla.<\/em><\/p>\n","protected":false},"excerpt":{"rendered":"<p>Luomupuuvillasta ja kierr\u00e4tetyst\u00e4 polyesterisekoitteesta valmistettu laadukas collegepaita. Sivussa vetoketjullinen piilotasku. 85 % luomupuuvillaa, 15 % kierr\u00e4tetty\u00e4 polyesteri Lis\u00e4kuvista l\u00f6yd\u00e4t mittataulukon, jotta l\u00f6yd\u00e4t itsellesi sopivan koon. &nbsp; Tuotteet l\u00e4htev\u00e4t varastoltamme 3-7 p\u00e4iv\u00e4n kuluessa tilauksesta. Toimitustavan p\u00e4\u00e4set valitsemaan kassalla.<\/p>\n","protected":false},"featured_media":490,"template":"","meta":[],"product_brand":[],"product_cat":[23,19],"product_tag":[],"class_list":{"0":"post-449","1":"product","2":"type-product","3":"status-publish","4":"has-post-thumbnail","6":"product_cat-naiset-pelekaakkonaa-tuotteet","7":"product_cat-pelekaakkonaa-tuotteet","9":"first","10":"instock","11":"taxable","12":"shipping-taxable","13":"purchasable","14":"product-type-variable"},"_links":{"self":[{"href":"https:\/\/hoohookauppa.fi\/ookkonaa\/wp-json\/wp\/v2\/product\/449","targetHints":{"allow":["GET"]}}],"collection":[{"href":"https:\/\/hoohookauppa.fi\/ookkonaa\/wp-json\/wp\/v2\/product"}],"about":[{"href":"https:\/\/hoohookauppa.fi\/ookkonaa\/wp-json\/wp\/v2\/types\/product"}],"wp:featuredmedia":[{"embeddable":true,"href":"https:\/\/hoohookauppa.fi\/ookkonaa\/wp-json\/wp\/v2\/media\/490"}],"wp:attachment":[{"href":"https:\/\/hoohookauppa.fi\/ookkonaa\/wp-json\/wp\/v2\/media?parent=449"}],"wp:term":[{"taxonomy":"product_brand","embeddable":true,"href":"https:\/\/hoohookauppa.fi\/ookkonaa\/wp-json\/wp\/v2\/product_brand?post=449"},{"taxonomy":"product_cat","embeddable":true,"href":"https:\/\/hoohookauppa.fi\/ookkonaa\/wp-json\/wp\/v2\/product_cat?post=449"},{"taxonomy":"product_tag","embeddable":true,"href":"https:\/\/hoohookauppa.fi\/ookkonaa\/wp-json\/wp\/v2\/product_tag?post=449"}],"curies":[{"name":"wp","href":"https:\/\/api.w.org\/{rel}","templated":true}]}}