{"id":398,"date":"2025-01-03T13:36:43","date_gmt":"2025-01-03T13:36:43","guid":{"rendered":"https:\/\/hoohookauppa.fi\/ookkonaa\/?post_type=product&#038;p=398"},"modified":"2025-03-19T14:28:27","modified_gmt":"2025-03-19T14:28:27","slug":"tuukkonaa-miesten-luomupuuvilla-huppari","status":"publish","type":"product","link":"https:\/\/hoohookauppa.fi\/ookkonaa\/tuote\/tuukkonaa-miesten-luomupuuvilla-huppari\/","title":{"rendered":"Tuukkon\u00e4\u00e4 miesten luomupuuvilla huppari"},"content":{"rendered":"<p><strong>Laadukas luomupuuvillasta ja kierr\u00e4tetyst\u00e4 polyesterisekoitteesta valmistettu huppari.<\/strong><\/p>\n<p>Kaksi taskua, joissa YKK-vetoketjut. Hupussa kiristysnauha, jossa metallip\u00e4\u00e4t.<\/p>\n<p>85 % luomupuuvillaa, 15 % kierr\u00e4tetty\u00e4 polyesteri<\/p>\n<p>Lis\u00e4kuvista l\u00f6yd\u00e4t mittataulukon, jotta l\u00f6yd\u00e4t itsellesi sopivan koon.<\/p>\n<p>&nbsp;<\/p>\n<p><em>Tuotteet l\u00e4htev\u00e4t varastoltamme 3-7 p\u00e4iv\u00e4n kuluessa tilauksesta.<\/em><\/p>\n<p><em>Toimitustavan p\u00e4\u00e4set valitsemaan kassalla.<\/em><\/p>\n","protected":false},"excerpt":{"rendered":"<p>Laadukas luomupuuvillasta ja kierr\u00e4tetyst\u00e4 polyesterisekoitteesta valmistettu huppari. Kaksi taskua, joissa YKK-vetoketjut. Hupussa kiristysnauha, jossa metallip\u00e4\u00e4t. 85 % luomupuuvillaa, 15 % kierr\u00e4tetty\u00e4 polyesteri Lis\u00e4kuvista l\u00f6yd\u00e4t mittataulukon, jotta l\u00f6yd\u00e4t itsellesi sopivan koon. &nbsp; Tuotteet l\u00e4htev\u00e4t varastoltamme 3-7 p\u00e4iv\u00e4n kuluessa tilauksesta. Toimitustavan p\u00e4\u00e4set valitsemaan kassalla.<\/p>\n","protected":false},"featured_media":499,"template":"","meta":[],"product_brand":[],"product_cat":[27,18],"product_tag":[],"class_list":{"0":"post-398","1":"product","2":"type-product","3":"status-publish","4":"has-post-thumbnail","6":"product_cat-miehet-tuukkonaa-tuotteet","7":"product_cat-tuukkonaa-tuotteet","9":"first","10":"instock","11":"taxable","12":"shipping-taxable","13":"purchasable","14":"product-type-variable"},"_links":{"self":[{"href":"https:\/\/hoohookauppa.fi\/ookkonaa\/wp-json\/wp\/v2\/product\/398","targetHints":{"allow":["GET"]}}],"collection":[{"href":"https:\/\/hoohookauppa.fi\/ookkonaa\/wp-json\/wp\/v2\/product"}],"about":[{"href":"https:\/\/hoohookauppa.fi\/ookkonaa\/wp-json\/wp\/v2\/types\/product"}],"wp:featuredmedia":[{"embeddable":true,"href":"https:\/\/hoohookauppa.fi\/ookkonaa\/wp-json\/wp\/v2\/media\/499"}],"wp:attachment":[{"href":"https:\/\/hoohookauppa.fi\/ookkonaa\/wp-json\/wp\/v2\/media?parent=398"}],"wp:term":[{"taxonomy":"product_brand","embeddable":true,"href":"https:\/\/hoohookauppa.fi\/ookkonaa\/wp-json\/wp\/v2\/product_brand?post=398"},{"taxonomy":"product_cat","embeddable":true,"href":"https:\/\/hoohookauppa.fi\/ookkonaa\/wp-json\/wp\/v2\/product_cat?post=398"},{"taxonomy":"product_tag","embeddable":true,"href":"https:\/\/hoohookauppa.fi\/ookkonaa\/wp-json\/wp\/v2\/product_tag?post=398"}],"curies":[{"name":"wp","href":"https:\/\/api.w.org\/{rel}","templated":true}]}}