{"id":351,"date":"2025-01-03T13:28:27","date_gmt":"2025-01-03T13:28:27","guid":{"rendered":"https:\/\/hoohookauppa.fi\/ookkonaa\/?post_type=product&#038;p=351"},"modified":"2025-06-04T08:52:59","modified_gmt":"2025-06-04T08:52:59","slug":"pelekaakkonaa-juomapullo-400ml","status":"publish","type":"product","link":"https:\/\/hoohookauppa.fi\/ookkonaa\/tuote\/pelekaakkonaa-juomapullo-400ml\/","title":{"rendered":"Pelek\u00e4\u00e4kk\u00f6n\u00e4\u00e4 juomapullo 400ml"},"content":{"rendered":"<p>Kest\u00e4v\u00e4, mutta kevyt alumiininen juomapullo.<\/p>\n<p>Yksisein\u00e4isess\u00e4 pullossa on kierrekansi.<\/p>\n<p>Kiinnit\u00e4 pullo karabiinikoukulla (ei sovellu kiipeilyyn) tukevasti laukkuun ja pullosi pysyy mukana<\/p>\n<p>&nbsp;<\/p>\n<p>&nbsp;<\/p>\n<p><em>Tuotteet l\u00e4htev\u00e4t varastoltamme 3-7 p\u00e4iv\u00e4n kuluessa tilauksesta.<\/em><\/p>\n<p><em>Toimitustavan p\u00e4\u00e4set valitsemaan kassalla.<\/em><\/p>\n","protected":false},"excerpt":{"rendered":"<p>Kest\u00e4v\u00e4, mutta kevyt alumiininen juomapullo. Yksisein\u00e4isess\u00e4 pullossa on kierrekansi. Kiinnit\u00e4 pullo karabiinikoukulla (ei sovellu kiipeilyyn) tukevasti laukkuun ja pullosi pysyy mukana &nbsp; &nbsp; Tuotteet l\u00e4htev\u00e4t varastoltamme 3-7 p\u00e4iv\u00e4n kuluessa tilauksesta. Toimitustavan p\u00e4\u00e4set valitsemaan kassalla.<\/p>\n","protected":false},"featured_media":584,"template":"","meta":[],"product_brand":[],"product_cat":[25,19],"product_tag":[],"class_list":{"0":"post-351","1":"product","2":"type-product","3":"status-publish","4":"has-post-thumbnail","6":"product_cat-muut-pelekaakkonaa-tuotteet","7":"product_cat-pelekaakkonaa-tuotteet","9":"first","10":"instock","11":"taxable","12":"shipping-taxable","13":"purchasable","14":"product-type-simple"},"_links":{"self":[{"href":"https:\/\/hoohookauppa.fi\/ookkonaa\/wp-json\/wp\/v2\/product\/351","targetHints":{"allow":["GET"]}}],"collection":[{"href":"https:\/\/hoohookauppa.fi\/ookkonaa\/wp-json\/wp\/v2\/product"}],"about":[{"href":"https:\/\/hoohookauppa.fi\/ookkonaa\/wp-json\/wp\/v2\/types\/product"}],"wp:featuredmedia":[{"embeddable":true,"href":"https:\/\/hoohookauppa.fi\/ookkonaa\/wp-json\/wp\/v2\/media\/584"}],"wp:attachment":[{"href":"https:\/\/hoohookauppa.fi\/ookkonaa\/wp-json\/wp\/v2\/media?parent=351"}],"wp:term":[{"taxonomy":"product_brand","embeddable":true,"href":"https:\/\/hoohookauppa.fi\/ookkonaa\/wp-json\/wp\/v2\/product_brand?post=351"},{"taxonomy":"product_cat","embeddable":true,"href":"https:\/\/hoohookauppa.fi\/ookkonaa\/wp-json\/wp\/v2\/product_cat?post=351"},{"taxonomy":"product_tag","embeddable":true,"href":"https:\/\/hoohookauppa.fi\/ookkonaa\/wp-json\/wp\/v2\/product_tag?post=351"}],"curies":[{"name":"wp","href":"https:\/\/api.w.org\/{rel}","templated":true}]}}