{"id":262,"date":"2024-12-28T14:26:18","date_gmt":"2024-12-28T14:26:18","guid":{"rendered":"https:\/\/hoohookauppa.fi\/ookkonaa\/?post_type=product&#038;p=262"},"modified":"2025-06-04T10:28:00","modified_gmt":"2025-06-04T10:28:00","slug":"pelekaakkonaa-naisten-luomupuuvilla-t-paita-varilliset","status":"publish","type":"product","link":"https:\/\/hoohookauppa.fi\/ookkonaa\/tuote\/pelekaakkonaa-naisten-luomupuuvilla-t-paita-varilliset\/","title":{"rendered":"Pelek\u00e4\u00e4kk\u00f6n\u00e4\u00e4 naisten luomupuuvilla t-paita v\u00e4rilliset"},"content":{"rendered":"<p><strong>T-paita on valmistettu hienolaatuisesta Reilun kaupan luomupuuvillasta.<\/strong><\/p>\n<p>T\u00e4m\u00e4 t-paita on Joutsen-, GOTS- ja \u00d6ko-Tex merkitty. Mallistossa k\u00e4ytetty puuvilla on 100 % ekologista ja sill\u00e4 on Reilun kaupan sertifiointi. Sertifioitu tuote t\u00e4ytt\u00e4\u00e4 kyseisen sertifiointiorganisaation kriteerit ja on k\u00e4ynyt l\u00e4pi riippumattoman tarkastuksen. Ymp\u00e4rist\u00f6merkit kattavat yhdess\u00e4 koko tuotantoketjun sek\u00e4 tuotteet, ja osoittavat niiden t\u00e4ytt\u00e4v\u00e4n tietyt laatua, terveytt\u00e4, ymp\u00e4rist\u00f6\u00e4 ja ty\u00f6oloja koskevat vaatimukset.<\/p>\n<p>100% Reilun kaupan luomupuuvilla<\/p>\n<p>Lis\u00e4kuvista l\u00f6yd\u00e4t mittataulukon, jotta l\u00f6yd\u00e4t itsellesi sopivan koon.<\/p>\n<p>&nbsp;<\/p>\n<p><em>Tuotteet l\u00e4htev\u00e4t varastoltamme 3-7 p\u00e4iv\u00e4n kuluessa tilauksesta.<\/em><\/p>\n<p><em>Toimitustavan p\u00e4\u00e4set valitsemaan kassalla.<\/em><\/p>\n","protected":false},"excerpt":{"rendered":"<p>T-paita on valmistettu hienolaatuisesta Reilun kaupan luomupuuvillasta. T\u00e4m\u00e4 t-paita on Joutsen-, GOTS- ja \u00d6ko-Tex merkitty. Mallistossa k\u00e4ytetty puuvilla on 100 % ekologista ja sill\u00e4 on Reilun kaupan sertifiointi. Sertifioitu tuote t\u00e4ytt\u00e4\u00e4 kyseisen sertifiointiorganisaation kriteerit ja on k\u00e4ynyt l\u00e4pi riippumattoman tarkastuksen. Ymp\u00e4rist\u00f6merkit kattavat yhdess\u00e4 koko tuotantoketjun sek\u00e4 tuotteet, ja osoittavat niiden t\u00e4ytt\u00e4v\u00e4n tietyt laatua, terveytt\u00e4, ymp\u00e4rist\u00f6\u00e4 [&hellip;]<\/p>\n","protected":false},"featured_media":595,"template":"","meta":[],"product_brand":[],"product_cat":[23,19],"product_tag":[],"class_list":{"0":"post-262","1":"product","2":"type-product","3":"status-publish","4":"has-post-thumbnail","6":"product_cat-naiset-pelekaakkonaa-tuotteet","7":"product_cat-pelekaakkonaa-tuotteet","9":"first","10":"instock","11":"taxable","12":"shipping-taxable","13":"purchasable","14":"product-type-variable"},"_links":{"self":[{"href":"https:\/\/hoohookauppa.fi\/ookkonaa\/wp-json\/wp\/v2\/product\/262","targetHints":{"allow":["GET"]}}],"collection":[{"href":"https:\/\/hoohookauppa.fi\/ookkonaa\/wp-json\/wp\/v2\/product"}],"about":[{"href":"https:\/\/hoohookauppa.fi\/ookkonaa\/wp-json\/wp\/v2\/types\/product"}],"wp:featuredmedia":[{"embeddable":true,"href":"https:\/\/hoohookauppa.fi\/ookkonaa\/wp-json\/wp\/v2\/media\/595"}],"wp:attachment":[{"href":"https:\/\/hoohookauppa.fi\/ookkonaa\/wp-json\/wp\/v2\/media?parent=262"}],"wp:term":[{"taxonomy":"product_brand","embeddable":true,"href":"https:\/\/hoohookauppa.fi\/ookkonaa\/wp-json\/wp\/v2\/product_brand?post=262"},{"taxonomy":"product_cat","embeddable":true,"href":"https:\/\/hoohookauppa.fi\/ookkonaa\/wp-json\/wp\/v2\/product_cat?post=262"},{"taxonomy":"product_tag","embeddable":true,"href":"https:\/\/hoohookauppa.fi\/ookkonaa\/wp-json\/wp\/v2\/product_tag?post=262"}],"curies":[{"name":"wp","href":"https:\/\/api.w.org\/{rel}","templated":true}]}}