{"id":8,"date":"2024-12-23T07:20:00","date_gmt":"2024-12-23T07:20:00","guid":{"rendered":"https:\/\/hoohookauppa.fi\/ookkonaa\/ostoskori\/"},"modified":"2025-01-15T10:43:00","modified_gmt":"2025-01-15T10:43:00","slug":"ostoskori","status":"publish","type":"page","link":"https:\/\/hoohookauppa.fi\/ookkonaa\/ostoskori\/","title":{"rendered":"Ostoskori"},"content":{"rendered":"\n<div data-block-name=\"woocommerce\/cart\" class=\"wp-block-woocommerce-cart alignwide is-loading\">\n<div data-block-name=\"woocommerce\/filled-cart-block\" class=\"wp-block-woocommerce-filled-cart-block\">\n<div data-block-name=\"woocommerce\/cart-items-block\" class=\"wp-block-woocommerce-cart-items-block\">\n<div data-block-name=\"woocommerce\/cart-line-items-block\" class=\"wp-block-woocommerce-cart-line-items-block\"><\/div>\n\n\n\n<div data-block-name=\"woocommerce\/cart-cross-sells-block\" class=\"wp-block-woocommerce-cart-cross-sells-block\">\n<h2 class=\"wp-block-heading has-large-font-size\">Saatat olla kiinnostunut my\u00f6s&#8230;<\/h2>\n\n\n\n<div data-block-name=\"woocommerce\/cart-cross-sells-products-block\" class=\"wp-block-woocommerce-cart-cross-sells-products-block\"><\/div>\n<\/div>\n<\/div>\n\n\n\n<div data-block-name=\"woocommerce\/cart-totals-block\" class=\"wp-block-woocommerce-cart-totals-block\">\n<div data-block-name=\"woocommerce\/cart-order-summary-block\" class=\"wp-block-woocommerce-cart-order-summary-block\">\n<div data-block-name=\"woocommerce\/cart-order-summary-heading-block\" class=\"wp-block-woocommerce-cart-order-summary-heading-block\"><\/div><div data-block-name=\"woocommerce\/cart-order-summary-coupon-form-block\" class=\"wp-block-woocommerce-cart-order-summary-coupon-form-block\"><\/div><div data-block-name=\"woocommerce\/cart-order-summary-totals-block\" class=\"wp-block-woocommerce-cart-order-summary-totals-block\">\n<div data-block-name=\"woocommerce\/cart-order-summary-subtotal-block\" class=\"wp-block-woocommerce-cart-order-summary-subtotal-block\"><\/div>\n<div data-block-name=\"woocommerce\/cart-order-summary-discount-block\" class=\"wp-block-woocommerce-cart-order-summary-discount-block\"><\/div>\n<div data-block-name=\"woocommerce\/cart-order-summary-fee-block\" class=\"wp-block-woocommerce-cart-order-summary-fee-block\"><\/div>\n<div data-block-name=\"woocommerce\/cart-order-summary-shipping-block\" class=\"wp-block-woocommerce-cart-order-summary-shipping-block\"><\/div>\n<div data-block-name=\"woocommerce\/cart-order-summary-taxes-block\" class=\"wp-block-woocommerce-cart-order-summary-taxes-block\"><\/div><\/div>\n<\/div>\n\n\n\n<div data-block-name=\"woocommerce\/cart-express-payment-block\" class=\"wp-block-woocommerce-cart-express-payment-block\"><\/div>\n\n\n\n<div data-block-name=\"woocommerce\/proceed-to-checkout-block\" class=\"wp-block-woocommerce-proceed-to-checkout-block\"><\/div>\n\n\n\n<div data-block-name=\"woocommerce\/cart-accepted-payment-methods-block\" class=\"wp-block-woocommerce-cart-accepted-payment-methods-block\"><\/div>\n<\/div>\n<\/div>\n\n\n\n<div data-block-name=\"woocommerce\/empty-cart-block\" class=\"wp-block-woocommerce-empty-cart-block\">\n<h2 class=\"wp-block-heading has-text-align-center with-empty-cart-icon wc-block-cart__empty-cart__title\">Ostoskorisi on tyhj\u00e4!<\/h2>\n\n\n\n<hr class=\"wp-block-separator has-alpha-channel-opacity is-style-dots\"\/>\n\n\n\n<h2 class=\"wp-block-heading has-text-align-center\">Uutta kaupassa<\/h2>\n\n\n<div data-block-name=\"woocommerce\/product-new\" data-columns=\"4\" data-rows=\"1\" class=\"wc-block-grid wp-block-product-new wp-block-woocommerce-product-new wc-block-product-new has-4-columns\"><ul class=\"wc-block-grid__products\"><li class=\"wc-block-grid__product\">\n\t\t\t\t<a href=\"https:\/\/hoohookauppa.fi\/ookkonaa\/tuote\/tuukkonaa-lasten-t-paita\/\" class=\"wc-block-grid__product-link\">\n\t\t\t\t\t\n\t\t\t\t\t<div class=\"wc-block-grid__product-image\"><img loading=\"lazy\" decoding=\"async\" width=\"300\" height=\"225\" src=\"https:\/\/hoohookauppa.fi\/ookkonaa\/wp-content\/uploads\/2026\/04\/Tuukkonaa-lasten-t-paita-1-300x225.jpg\" class=\"attachment-woocommerce_thumbnail size-woocommerce_thumbnail\" alt=\"Tuukkon\u00e4\u00e4 lasten t-paita\" \/><\/div>\n\t\t\t\t\t<div class=\"wc-block-grid__product-title\">Tuukkon\u00e4\u00e4 lasten t-paita<\/div>\n\t\t\t\t<\/a>\n\t\t\t\t<div class=\"wc-block-grid__product-price price\"><span class=\"woocommerce-Price-amount amount\">17,00&nbsp;<span class=\"woocommerce-Price-currencySymbol\">&euro;<\/span><\/span><\/div>\n\t\t\t\t\n\t\t\t\t<div class=\"wp-block-button wc-block-grid__product-add-to-cart\"><a href=\"https:\/\/hoohookauppa.fi\/ookkonaa\/tuote\/tuukkonaa-lasten-t-paita\/\" aria-label=\"Valitse valinnat &ldquo;Tuukkon\u00e4\u00e4 lasten t-paita&rdquo;\" data-quantity=\"1\" data-product_id=\"660\" data-product_sku=\"029032 Tuu\" data-price=\"17\" rel=\"nofollow\" class=\"wp-block-button__link wp-element-button add_to_cart_button\">Valitse vaihtoehdoista<\/a><\/div>\n\t\t\t<\/li><li class=\"wc-block-grid__product\">\n\t\t\t\t<a href=\"https:\/\/hoohookauppa.fi\/ookkonaa\/tuote\/ookkonaa-lasten-t-paita\/\" class=\"wc-block-grid__product-link\">\n\t\t\t\t\t\n\t\t\t\t\t<div class=\"wc-block-grid__product-image\"><img loading=\"lazy\" decoding=\"async\" width=\"300\" height=\"225\" src=\"https:\/\/hoohookauppa.fi\/ookkonaa\/wp-content\/uploads\/2026\/04\/Ookkonaa-lasten-t-paita-300x225.jpg\" class=\"attachment-woocommerce_thumbnail size-woocommerce_thumbnail\" alt=\"Ookkon\u00e4\u00e4 lasten t-paita\" \/><\/div>\n\t\t\t\t\t<div class=\"wc-block-grid__product-title\">Ookkon\u00e4\u00e4 lasten t-paita<\/div>\n\t\t\t\t<\/a>\n\t\t\t\t<div class=\"wc-block-grid__product-price price\"><span class=\"woocommerce-Price-amount amount\">17,00&nbsp;<span class=\"woocommerce-Price-currencySymbol\">&euro;<\/span><\/span><\/div>\n\t\t\t\t\n\t\t\t\t<div class=\"wp-block-button wc-block-grid__product-add-to-cart\"><a href=\"https:\/\/hoohookauppa.fi\/ookkonaa\/tuote\/ookkonaa-lasten-t-paita\/\" aria-label=\"Valitse valinnat &ldquo;Ookkon\u00e4\u00e4 lasten t-paita&rdquo;\" data-quantity=\"1\" data-product_id=\"649\" data-product_sku=\"029032 Ook\" data-price=\"17\" rel=\"nofollow\" class=\"wp-block-button__link wp-element-button add_to_cart_button\">Valitse vaihtoehdoista<\/a><\/div>\n\t\t\t<\/li><li class=\"wc-block-grid__product\">\n\t\t\t\t<a href=\"https:\/\/hoohookauppa.fi\/ookkonaa\/tuote\/alakkonaa-lasten-t-paita\/\" class=\"wc-block-grid__product-link\">\n\t\t\t\t\t\n\t\t\t\t\t<div class=\"wc-block-grid__product-image\"><img loading=\"lazy\" decoding=\"async\" width=\"300\" height=\"225\" src=\"https:\/\/hoohookauppa.fi\/ookkonaa\/wp-content\/uploads\/2026\/04\/Alakkonaa-lasten-t-paita-1-300x225.jpg\" class=\"attachment-woocommerce_thumbnail size-woocommerce_thumbnail\" alt=\"Alakkon\u00e4\u00e4 lasten t-paita\" \/><\/div>\n\t\t\t\t\t<div class=\"wc-block-grid__product-title\">Alakkon\u00e4\u00e4 lasten t-paita<\/div>\n\t\t\t\t<\/a>\n\t\t\t\t<div class=\"wc-block-grid__product-price price\"><span class=\"woocommerce-Price-amount amount\">17,00&nbsp;<span class=\"woocommerce-Price-currencySymbol\">&euro;<\/span><\/span><\/div>\n\t\t\t\t\n\t\t\t\t<div class=\"wp-block-button wc-block-grid__product-add-to-cart\"><a href=\"https:\/\/hoohookauppa.fi\/ookkonaa\/tuote\/alakkonaa-lasten-t-paita\/\" aria-label=\"Valitse valinnat &ldquo;Alakkon\u00e4\u00e4 lasten t-paita&rdquo;\" data-quantity=\"1\" data-product_id=\"638\" data-product_sku=\"029032 Ala\" data-price=\"17\" rel=\"nofollow\" class=\"wp-block-button__link wp-element-button add_to_cart_button\">Valitse vaihtoehdoista<\/a><\/div>\n\t\t\t<\/li><li class=\"wc-block-grid__product\">\n\t\t\t\t<a href=\"https:\/\/hoohookauppa.fi\/ookkonaa\/tuote\/pelekaakkonaa-lasten-t-paita\/\" class=\"wc-block-grid__product-link\">\n\t\t\t\t\t\n\t\t\t\t\t<div class=\"wc-block-grid__product-image\"><img loading=\"lazy\" decoding=\"async\" width=\"300\" height=\"225\" src=\"https:\/\/hoohookauppa.fi\/ookkonaa\/wp-content\/uploads\/2026\/04\/Pelekaakkonaa-Lasten-t-paita-1-300x225.jpg\" class=\"attachment-woocommerce_thumbnail size-woocommerce_thumbnail\" alt=\"Pelek\u00e4\u00e4kk\u00f6n\u00e4\u00e4 lasten t-paita\" \/><\/div>\n\t\t\t\t\t<div class=\"wc-block-grid__product-title\">Pelek\u00e4\u00e4kk\u00f6n\u00e4\u00e4 lasten t-paita<\/div>\n\t\t\t\t<\/a>\n\t\t\t\t<div class=\"wc-block-grid__product-price price\"><span class=\"woocommerce-Price-amount amount\">17,00&nbsp;<span class=\"woocommerce-Price-currencySymbol\">&euro;<\/span><\/span><\/div>\n\t\t\t\t\n\t\t\t\t<div class=\"wp-block-button wc-block-grid__product-add-to-cart\"><a href=\"https:\/\/hoohookauppa.fi\/ookkonaa\/tuote\/pelekaakkonaa-lasten-t-paita\/\" aria-label=\"Valitse valinnat &ldquo;Pelek\u00e4\u00e4kk\u00f6n\u00e4\u00e4 lasten t-paita&rdquo;\" data-quantity=\"1\" data-product_id=\"626\" data-product_sku=\"029032 Pele\" data-price=\"17\" rel=\"nofollow\" class=\"wp-block-button__link wp-element-button add_to_cart_button\">Valitse vaihtoehdoista<\/a><\/div>\n\t\t\t<\/li><\/ul><\/div><\/div>\n<\/div>\n","protected":false},"excerpt":{"rendered":"","protected":false},"author":1,"featured_media":0,"parent":0,"menu_order":0,"comment_status":"closed","ping_status":"closed","template":"","meta":{"footnotes":""},"class_list":["post-8","page","type-page","status-publish","hentry"],"_links":{"self":[{"href":"https:\/\/hoohookauppa.fi\/ookkonaa\/wp-json\/wp\/v2\/pages\/8","targetHints":{"allow":["GET"]}}],"collection":[{"href":"https:\/\/hoohookauppa.fi\/ookkonaa\/wp-json\/wp\/v2\/pages"}],"about":[{"href":"https:\/\/hoohookauppa.fi\/ookkonaa\/wp-json\/wp\/v2\/types\/page"}],"author":[{"embeddable":true,"href":"https:\/\/hoohookauppa.fi\/ookkonaa\/wp-json\/wp\/v2\/users\/1"}],"replies":[{"embeddable":true,"href":"https:\/\/hoohookauppa.fi\/ookkonaa\/wp-json\/wp\/v2\/comments?post=8"}],"version-history":[{"count":1,"href":"https:\/\/hoohookauppa.fi\/ookkonaa\/wp-json\/wp\/v2\/pages\/8\/revisions"}],"predecessor-version":[{"id":60,"href":"https:\/\/hoohookauppa.fi\/ookkonaa\/wp-json\/wp\/v2\/pages\/8\/revisions\/60"}],"wp:attachment":[{"href":"https:\/\/hoohookauppa.fi\/ookkonaa\/wp-json\/wp\/v2\/media?parent=8"}],"curies":[{"name":"wp","href":"https:\/\/api.w.org\/{rel}","templated":true}]}}